{"id":50,"date":"2020-09-25T13:24:06","date_gmt":"2020-09-25T11:24:06","guid":{"rendered":"https:\/\/nueha.de\/?page_id=50"},"modified":"2021-09-12T08:05:48","modified_gmt":"2021-09-12T06:05:48","slug":"datenschutz","status":"publish","type":"page","link":"https:\/\/nueha.de\/?page_id=50","title":{"rendered":"Datenschutz"},"content":{"rendered":"\n<h2 class=\"wp-block-heading\">Datenschutz-Information <strong>des Vereines zur F\u00f6rderung der St\u00e4dtepartnerschaftN\u00fcrnberg\u2013 Hadera e.V<\/strong> <strong>(Stand 25.09.2020)<\/strong><\/h2>\n\n\n\n<p>Seit 25. Mai 2018 gelten europaweit die Vorgaben der&nbsp;<a rel=\"noreferrer noopener\" href=\"http:\/\/eur-lex.europa.eu\/legal-content\/DE\/TXT\/PDF\/?uri=CELEX:32016R0679&amp;from=EN\" target=\"_blank\">EU-Datenschutz-Grundverordnung<\/a>&nbsp;(im Folgenden: DSGVO). Nachfolgend m\u00f6chten wir Sie \u00fcber die durch den <strong>Verein zur F\u00f6rderung der St\u00e4dtepartnerschaftN\u00fcrnberg\u2013 Hadera e.V<\/strong>. durchgef\u00fchrte Verarbeitung personenbezogener Daten nach Ma\u00dfgabe dieser neuen Verordnung (vergleiche Artikel 13 DSGVO) informieren. Bitte lesen Sie sich unsere Datenschutz-Information sorgf\u00e4ltig durch. Sollten Sie Fragen oder Anmerkungen zu dieser Datenschutz-Information haben, k\u00f6nnen Sie diese jederzeit an die nachfolgend angegebene E-Mail-Adresse richten.<\/p>\n\n\n\n<p><strong>1. Name und Kontaktdaten des f\u00fcr die Verarbeitung Verantwortlichen&nbsp;<\/strong><\/p>\n\n\n\n<p>Diese Datenschutz-Information gilt f\u00fcr die Datenverarbeitung durch   <strong>Verein zur F\u00f6rderung der St\u00e4dtepartnerschaftN\u00fcrnberg\u2013 Hadera e.V. <\/strong>, c\/o Amt f\u00fcr internatinale Beziehungen, Hans-Sachs Plaltz, 90402 N\u00fcrnberg, Verterten durch die\/den jeweiligen Vorsitzende(n) (\u201eVerantwortlicher\u201c) und f\u00fcr folgende Webseite: <a href=\"https:\/\/nueha.de\">https:\/\/nueha.de<\/a>. Bei Fragen oder Anregungen zum Thema Datenschutz wenden Sie sich bitte an die o.g. Anschrift oder per E-Mail an&nbsp;datenschutz(at)nueha.de.&nbsp;<\/p>\n\n\n\n<p><strong>2. Zwecke der Datenverarbeitung, Rechtsgrundlagen und berechtigte Interessen, die von dem bevh verfolgt werden sowie Kategorien von Empf\u00e4ngern<\/strong><\/p>\n\n\n\n<p><strong>2.1. Aufrufen unserer Website<\/strong><\/p>\n\n\n\n<p>Beim Aufrufen unserer Website werden durch den auf Ihrem Endger\u00e4t zum Einsatz kommenden Browser automatisch Informationen an den Server unserer Website gesendet und tempor\u00e4r in einem sogenannten Log-File gespeichert. Hierauf haben wir keinen Einfluss. Folgende Informationen werden dabei auch ohne Ihr Zutun erfasst und bis zur automatisierten L\u00f6schung gespeichert:&nbsp;<\/p>\n\n\n\n<ul class=\"wp-block-list\"><li>die IP-Adresse des anfragenden internetf\u00e4higen Ger\u00e4tes,&nbsp;<\/li><li>das Datum und die Uhrzeit des Zugriffs, <\/li><li>der Name und die URL der abgerufenen Datei, <\/li><li>die Website\/Applikation, von der aus der Zugriff erfolgte (Referrer-URL), <\/li><li>der von Ihnen verwendete Browser und ggfs. das Betriebssystem Ihres internetf\u00e4higen Rechners sowie der Name Ihres Access-Providers. <\/li><\/ul>\n\n\n\n<p>Die Rechtsgrundlage f\u00fcr die Verarbeitung der IP-Adresse ist Artikel 6 Absatz 1 Buchstabe f) DSGVO. Unser berechtigtes Interesse folgt aus den nachfolgend aufgelisteten Zwecken der Datenerhebung. An dieser Stelle noch der Hinweis, dass uns aus den erhobenen Daten keine unmittelbaren R\u00fcckschl\u00fcsse auf Ihre Identit\u00e4t m\u00f6glich sind und durch uns auch nicht gezogen werden.<\/p>\n\n\n\n<p>Die IP-Adresse Ihres Endger\u00e4tes sowie die weiteren oben aufgelisteten Daten werden durch uns f\u00fcr folgende Zwecke genutzt:<\/p>\n\n\n\n<ul class=\"wp-block-list\"><li>Gew\u00e4hrleistung eines reibungslosen Verbindungsaufbaus,<\/li><li>Gew\u00e4hrleistung einer komfortablen Nutzung unserer Website\/Applikation,&nbsp;<\/li><li>Auswertung der Systemsicherheit und -stabilit\u00e4t.&nbsp;<\/li><\/ul>\n\n\n\n<p>Mit der Verfolgung der vorstehend genannten Zwecke haben wir ein Hostingunternehmen beauftragt, das Server ausschlie\u00dflich am Standort Deutschland betreibt. Die Informationen werden durch unseren Dienstleister f\u00fcr einen Zeitraum von 5 Monaten gespeichert und danach automatisch gel\u00f6scht. Des Weiteren verwenden wir f\u00fcr unsere Website sogenannte technische Cookies ein. Details hierzu erfahren Sie nachfolgend unter Ziffer 3. \u2028<\/p>\n\n\n\n<p><strong>2.2. Vereinsmitgliedschaft<\/strong><\/p>\n\n\n\n<p>Eine Mitgliedschaft im <strong>Verein zur F\u00f6rderung der St\u00e4dtepartnerschaft N\u00fcrnberg\u2013 Hadera e.V.<\/strong> ist \u00fcber folgende Varianten m\u00f6glich: Regul\u00e4re Mitgliedschaft oder F\u00f6rdermitgliedschaft (gemeinsam im Folgenden: \u201eMitgliedschaft\u201c).<\/p>\n\n\n\n<p>Sofern Sie sich zu einer Mitgliedschaft im <strong>Verein zur F\u00f6rderung der St\u00e4dtepartnerschaft N\u00fcrnberg\u2013 Hadera e.V.<\/strong> entscheiden oder bereits Mitglied sind, verarbeiten wir die durch Sie \u00fcber das jeweilige Antragsformular zur Verf\u00fcgung gestellten Daten, darunter auch personenbezogene Daten, zum Zweck der sich aus der Mitgliedschaft ergebenden und in der <strong>Verein zur F\u00f6rderung der St\u00e4dtepartnerschaft N\u00fcrnberg\u2013 Hadera e.V.<\/strong>-Satzung bzw. den einschl\u00e4gigen Teilnahmebedingungen konkretisierten Rechte und Pflichten. Hierzu z\u00e4hlen\u00a0<\/p>\n\n\n\n<ul class=\"wp-block-list\"><li>die Information \u00fcber Angebote und Veranstaltungen des <strong>Vereines zur F\u00f6rderung der St\u00e4dtepartnerschaft N\u00fcrnberg\u2013 Hadera e.V.<\/strong>  einschlie\u00dflich des Versands von Einladungen,<\/li><li>die Adressierung und der Versand von f\u00fcr die Mitgliedschaft relevanter Korrespondenz,<\/li><li>die Bearbeitung von Anfragen,\u00a0<\/li><li>zu Abrechnungszwecken.<\/li><\/ul>\n\n\n\n<p>Rechtsgrundlage hierf\u00fcr ist Artikel 6 Absatz 1 Buchstabe b) DSGVO, d.h. Sie stellen dem <strong>Verein zur F\u00f6rderung der St\u00e4dtepartnerschaft N\u00fcrnberg\u2013 Hadera e.V.<\/strong> die Daten aufgrund des mitgliedschaftlichen Verh\u00e4ltnisses zur Verf\u00fcgung. Anderenfalls w\u00e4re eine Mitgliedschaft nicht m\u00f6glich.\u00a0<\/p>\n\n\n\n<p>Zum Zwecke einer effizienten Mitgliederverwaltung setzen wir L\u00f6sungen eines in Deutschland ans\u00e4ssigen Hostingunternehmens ein. Eine Weitergabe von Daten an Dritte bzw. die Gew\u00e4hr der Einsicht durch Dritte erfolgt ausschlie\u00dflich in F\u00e4llen, in denen hierzu eine gesetzliche Verpflichtung besteht. Die ist zum Zwecke der Erf\u00fcllung steuerlicher Zwecke an den von uns beauftragten Steuerberater sowie anlassbezogen an den von uns beauftragten Wirtschaftspr\u00fcfer der Fall. Rechtsgrundlage hierf\u00fcr ist Artikel 6 Absatz 1 Buchstabe c) DSGVO, jeweils in Verbindung mit der spezifischen Verarbeitungsobliegenheit aus nationalem Recht. F\u00fcr den Fall einer Zahlungsverz\u00f6gerung \u00fcbermitteln wir bei Vorliegen der sonstigen gesetzlichen Voraussetzungen die erforderlichen Daten an ein mit der Geltendmachung der Forderung beauftragtes Unternehmen. Rechtsgrundlagen hierf\u00fcr sind sowohl Artikel 6 Absatz 1 Buchstabe b) als auch Artikel 6 Absatz 1 Buchstabe f) DSGVO. Die Geltendmachung einer vertraglichen Forderung ist als ein berechtigtes Interesse im Sinne der zweitgenannten Vorschrift anzusehen. Informationen \u00fcber die Zahlungsverz\u00f6gerung oder einen etwaigen Forderungsausfall \u00fcbermitteln wir bei Vorliegen der sonstigen gesetzlichen Voraussetzungen zudem an mit uns kooperierende Auskunfteien. Rechtsgrundlage hierf\u00fcr ist Artikel 6 Absatz 1 Buchstabe f) DSGVO. Das hiernach erforderliche berechtigte Interesse ergibt sich aus unserem sowie dem Interesse Dritter an einer Reduzierung von Vertragsrisiken f\u00fcr zuk\u00fcnftige Vertr\u00e4ge. Eine sonstige Weitergabe an Dritte erfolgt nicht, insbesondere geben wir grunds\u00e4tzlich weder Mitgliederlisten noch individuelle Kontaktdaten an Vereinsmitglieder oder Dritte heraus, es sei denn, das betroffene Mitglied  hat hierin vorab ausdr\u00fccklich im Sinne von Artikel 6 Absatz 1 Buchstabe a) DSGVO eingewilligt.<\/p>\n\n\n\n<p>Mit Beendigung der Vereinssmitgliedschaft werden die Daten f\u00fcr die weitere Verarbeitung im vorstehenden Umfang gesperrt und in das Vereinsarchiv \u00fcberf\u00fchrt. Eine erneute Verarbeitung erfolgt nur, soweit dies im Sinne von Artikel 6 Absatz 4 DSGVO zul\u00e4ssig ist, d.h. soweit eine Weiterverarbeitung durch das Gesetz gestattet wird. Ist dies der Fall, informieren Sie vorab \u00fcber den neuen Verarbeitungszweck. Unterliegen mitgliedschaftsrelevante Informationen nach Handels- bzw. Steuerrecht einer gesetzlichen Aufbewahrungsfrist, bewahren wir die hiernach erforderlichen Informationen des mitgliedschaftlichen Verh\u00e4ltnisses f\u00fcr die gesetzlich bestimmten Zeitr\u00e4ume auf Grundlage von Art. 6 Abs. 1 lit. c) in gesperrter Form auf. F\u00fcr diesen Zeitraum (regelm\u00e4\u00dfig sechs bzw. zehn Jahre) werden die Daten allein f\u00fcr den Fall einer \u00dcberpr\u00fcfung durch die Finanzverwaltung erneut verarbeitet.<\/p>\n\n\n\n<p><strong>2.3. Kontaktformular<\/strong><\/p>\n\n\n\n<p>Besuchern unserer Webseiten bieten wir die M\u00f6glichkeit, \u00fcber ein Kontaktformular an uns heranzutreten. Die \u00fcber das Kontaktformular durch Sie \u00fcbermittelten Informationen (Pflichtinformationen sind mit einem Sternchenhinweis gekennzeichnet) verwenden wir ausschlie\u00dflich zum Zweck der Bearbeitung Ihres Anliegens. Rechtsgrundlagen hierf\u00fcr sind sowohl Ihre Einwilligung im Sinne von Artikel 6 Absatz 1 Buchstabe a) DSGVO als auch Artikel 6 Absatz 1 Buchstabe f) DSGVO. Die ordnungsgem\u00e4\u00dfe Bearbeitung Ihrer Anliegen ist als berechtigtes Interesse im Sinne der DSGVO anzusehen.&nbsp;<strong>Ihre Einwilligung in die vorstehend erl\u00e4uterte Datennutzung k\u00f6nnen Sie jederzeit mit Wirkung f\u00fcr die Zukunft kostenfrei durch eine kurze Nachricht an die unter 1. angegebenen Kontaktdaten widerrufen.<\/strong>&nbsp;Die Rechtm\u00e4\u00dfigkeit der Verarbeitung auf Grundlage Ihrer Einwilligung bis zum Zeitpunkt Ihres Widerrufs wird hiervon nicht ber\u00fchrt. Wir weisen allerdings darauf hin, dass ab dem Zeitpunkt eines etwaigen Widerrufs eine Bearbeitung Ihres Anliegens nicht mehr m\u00f6glich ist. Au\u00dferhalb des Vorliegens eines Widerrufs werden Ihre auf die Anfrage bezogenen Daten nach Bearbeitung Ihres Anliegens gel\u00f6scht.<\/p>\n\n\n\n<p><strong>2.4. Presseverteiler<\/strong><\/p>\n\n\n\n<p>Zum Zwecke der Au\u00dfenkommunikation pflegen wir eine Datenbank mit Kontaktdaten (Name, ggf. Unternehmen, E-Mail-Adresse) von Multiplikatoren, Medien- und Pressevertretern. Die Aufnahme und Speicherung erfolgt zum einen auf Grundlage Ihrer Einwilligung (Artikel 6 Absatz 1 Buchstabe a) DSGVO), die Sie uns im pers\u00f6nlichen Kontakt, \u00fcber den durch uns eingesetzten Newsletterdienstleister oder per E-Mail an&nbsp;presse(at)nuehau.de erteilen k\u00f6nnen.&nbsp;<strong>Ihre Einwilligung in die vorstehend erl\u00e4uterte Datennutzung k\u00f6nnen Sie jederzeit mit Wirkung f\u00fcr die Zukunft kostenfrei durch eine kurze Nachricht an die unter 1. angegebenen Kontaktdaten oder durch Klicken auf den \u201eUnsubscribe\u201c-Button am Ende einer jeden E-Mail widerrufen.<\/strong>&nbsp;Die Rechtm\u00e4\u00dfigkeit der Verarbeitung auf Grundlage Ihrer Einwilligung bis zum Zeitpunkt Ihres Widerrufs wird hiervon nicht ber\u00fchrt.&nbsp;<\/p>\n\n\n\n<p>Zum anderen erheben wir auf Grundlage von Artikel 6 (Absatz 1 Buchstabe f) DSGVO die oben beschriebenen Kontaktdaten aus \u00f6ffentlichen Quellen und pflegen diese in unseren Presseverteiler ein. Die nicht-werbliche Au\u00dfenkommunikation einer politischen Interessenvertretung wie dem <strong>Verein zur F\u00f6rderung der St\u00e4dtepartnerschaftN\u00fcrnberg\u2013 Hadera e.V.<\/strong> ist als berechtigtes Interesse im Sinne der DSGVO anzusehen.&nbsp;<strong>Gegen diese Verarbeitung k\u00f6nnen Sie jederzeit mit Wirkung f\u00fcr die Zukunft durch eine kurze Nachricht an&nbsp;presse(at)nuehau.de Widerspruch einlegen oder Sie klicken auf den \u201eUnsubscribe\u201c-Button am Ende einer jeden E-Mail.&nbsp;<\/strong><\/p>\n\n\n\n<p>Die in dem Presseverteiler gespeicherten Kontaktdaten werden solange gespeichert bis Sie hiergegen Widerspruch einlegen oder Ihre Einwilligung widerrufen.<\/p>\n\n\n\n<p><strong>2.5.&nbsp;Durchf\u00fchrung von Veranstaltungen, insbesondere Anfertigen und Ver\u00f6ffentlichen von Bildmaterial<\/strong><\/p>\n\n\n\n<p>Der <strong>Verein zur F\u00f6rderung der St\u00e4dtepartnerschaftN\u00fcrnberg\u2013 Hadera e.V.<\/strong> er\u00f6ffnet in Erf\u00fcllung seiner satzungsgem\u00e4\u00dfen Aufgaben die M\u00f6glichkeit zur Teilnahme an eigenen Veranstaltungen oder solchen, die durch Kooperationspartner des <strong>Vereines zur F\u00f6rderung der St\u00e4dtepartnerschaftN\u00fcrnberg\u2013 Hadera e.V.<\/strong> ausgerichtet werden. F\u00fcr eine Teilnahme ist es erforderlich, dass Sie sich unter Angabe der jeweils erforderlichen Informationen \u00fcber die Gesch\u00e4ftsstelle des <strong>Vereines zur F\u00f6rderung der St\u00e4dtepartnerschaftN\u00fcrnberg\u2013 Hadera e.V.<\/strong> anmelden. Es kann erforderlich sein, dass der <strong>Verein zur F\u00f6rderung der St\u00e4dtepartnerschaftN\u00fcrnberg\u2013 Hadera e.V.<\/strong> Ihre Anmeldeinformationen an den durchf\u00fchrenden Kooperationspartner weiterleitet. Diese Weiterleitung erfolgt ausschlie\u00dflich zum Zweck, die Teilnahme an der Veranstaltung zu erm\u00f6glichen, z.B. um an Zutrittsbereichen eine Zuordnung vornehmen zu k\u00f6nnen. \u00dcblicherweise werden am Tag der Durchf\u00fchrung der Veranstaltung Anwesenheitslisten zum Zwecke der Auswertung sowie aus steuerlichen Gr\u00fcnden (Einkommen- und K\u00f6rperschaftssteuer) gef\u00fchrt. Rechtsgrundlage f\u00fcr die&nbsp; vorgenannten Verarbeitungen sind Artikel 6 Absatz 2 Buchstabe b) DSGVO, d.h. ein Vertragsverh\u00e4ltnis zwischen Ihnen und uns, sowie Artikel 6 Absatz 1 Buchstabe f) DSGVO. Das Bewerten einer Veranstaltung (z.B. das Bestimmen einer No-Show-Rate) ist als berechtigtes Interesse im Sinne der zweitgenannten Vorschrift anzusehen. Auf Basis von Artikel 6 Absatz 1 Buchstabe f) DSGVO werden Daten \u00fcber den Umstand Ihrer Teilnahme auch nach Ablauf einer Veranstaltung zu Auswertungszwecken durch den <strong>Verein zur F\u00f6rderung der St\u00e4dtepartnerschaft N\u00fcrnberg\u2013 Hadera e.V.<\/strong> weiterhin gespeichert.&nbsp;<strong>Hiergegen k\u00f6nnen Sie jederzeit kostenfrei und mit Wirkung f\u00fcr die Zukunft Widerspruch einlegen<\/strong>.&nbsp;W\u00e4hrend einer Veranstaltung werden gegebenenfalls Foto- und Filmaufnahmen von G\u00e4sten und Mitwirkenden zu Zwecken der \u00d6ffentlichkeitsarbeit des <strong>Vereines zur F\u00f6rderung der St\u00e4dtepartnerschaft N\u00fcrnberg\u2013 Hadera e.V.<\/strong> gemacht. Diese Aufnahmen k\u00f6nnen auf der Homepage des <strong>Vereines zur F\u00f6rderung der St\u00e4dtepartnerschaft N\u00fcrnberg\u2013 Hadera e.V.<\/strong>, in sozialen Netzwerken und\/oder Printpublikationen des Verbands zum vorgenannten Zweck ver\u00f6ffentlicht werden. Rechtsgrundlage ist Artikel 6 Absatz 1 Buchstabe f) DSGVO. \u00d6ffentlichkeitsarbeit und eine angemessene Au\u00dfendarstellung, auch unter Verwendung von Bildmaterial von Veranstaltungen, ist als ein berechtigtes Interesse im Sinne dieser Vorschrift anzusehen. Sollten Sie mit der Anfertigung von Aufnahmen, die auch Ihre Person zeigen k\u00f6nnen, nicht einverstanden sein, haben Sie die M\u00f6glichkeit, den Fotografen vor Ort darauf hinzuweisen. Ist Ihnen diese Variante zu unsicher, verzichten Sie bitte auf eine Teilnahme an einer Veranstaltung des <strong>Vereines zur F\u00f6rderung der St\u00e4dtepartnerschaft N\u00fcrnberg\u2013 Hadera e.V.<\/strong>.<\/p>\n\n\n\n<p><strong>2.6. Youtube<\/strong><\/p>\n\n\n\n<p>Wir setzen auf unserer Website Komponenten (Videos) des Unternehmens YouTube, LLC 901 Cherry Ave., 94066 San Bruno, CA, USA (Im Folgenden: \u201eYouTube\u201c), einem Unternehmen der Google Inc., Amphitheatre Parkway, Mountain View, CA 94043, USA (Im Folgenden: \u201eGoogle\u201c), ein. Hierbei nutzen wir die von YouTube zur Verf\u00fcgung gestellte Option des \u201eerweiterter Datenschutzmodus&#8220;. Wenn Sie eine Seite aufrufen, die \u00fcber ein eingebettetes Video verf\u00fcgt, wird eine Verbindung zu den YouTube-Servern hergestellt und dabei der Inhalt durch Mitteilung an Ihren Browser auf der Internetseite dargestellt. Laut den Angaben von YouTube werden im \u201eerweiterten Datenschutzmodus\u201c nur dann Ihre Daten &#8211; insbesondere welche unserer Internetseiten Sie besucht haben sowie ger\u00e4tespezifische Informationen inklusive der IP-Adresse &#8211; an den YouTube-Server in den USA \u00fcbermittelt, wenn Sie das Video anschauen. Durch den Klick auf das Video willigen Sie in diese \u00dcbermittlung im Sinne von Artikel 6 Absatz 1 Buchstabe a) DSGVO ein. Sind Sie gleichzeitig bei YouTube eingeloggt, werden diese Informationen Ihrem Mitgliedskonto bei YouTube zugeordnet. Dies k\u00f6nnen Sie verhindern, indem Sie sich vor dem Besuch unserer Website von Ihrem Mitgliedskonto abmelden. Google beachtet die Datenschutzbestimmungen des \u201eUS-Privacy-Shield\u201c und ist beim \u201eUS-Privacy Shield\u201c-Programm des US-Handelsministeriums registriert.<\/p>\n\n\n\n<p><strong>3. Cookies<\/strong><\/p>\n\n\n\n<p><strong>3.1. Technische Cookies<\/strong><\/p>\n\n\n\n<p>Auf dieser Website kommen sogenannte technische Cookies zum Einsatz. Bei Cookies handelt es sich um kleine Dateien, die Ihr Browser automatisch erstellt und die auf Ihrem Endger\u00e4t (Laptop, Tablet, Smartphone o.\u00e4.) gespeichert werden, wenn Sie unsere Seite besuchen. Cookies richten auf Ihrem Endger\u00e4t keinen Schaden an, enthalten keine Viren, Trojaner oder sonstige Schadsoftware. In dem Cookie werden Sitzungsinformationen abgelegt, die sich jeweils im Zusammenhang mit Ihrem aktuellen Besuch unserer Website ergeben (Session-Cookie). Dies bedeutet jedoch nicht, dass wir dadurch unmittelbar Kenntnis von Ihrer Identit\u00e4t erhalten. Der Einsatz von Cookies dient dem Zweck, die Anzeige unserer Webseite technisch zu erm\u00f6glichen. Die eingesetzten Cookies werden nach Beenden der Browsersitzung automatisch wieder gel\u00f6scht.<\/p>\n\n\n\n<p><strong>3.2. Google Analytics<\/strong><\/p>\n\n\n\n<p>Wir nutzen auf unserer Website Google Analytics, einen Webanalysedienst der Google Inc., 1600 Amphitheatre Parkway, Mountain View, CA 94043, USA (im Folgenden: \u201eGoogle\u201c). In diesem Zusammenhang werden pseudonymisierte Nutzungsprofile erstellt und Cookies verwendet. Die durch das Cookie erzeugten Informationen \u00fcber Ihre Benutzung dieser Website wie<\/p>\n\n\n\n<ul class=\"wp-block-list\"><li>Browser-Typ\/-Version,<\/li><li>verwendetes Betriebssystem,<\/li><li>Referrer-URL (die zuvor besuchte Seite),<\/li><li>Hostname des zugreifenden Rechners (IP-Adresse),<\/li><li>Uhrzeit der Serveranfrage,<\/li><\/ul>\n\n\n\n<p>werden an einen Server von Google in den USA \u00fcbertragen und dort gespeichert. Google beachtet die Datenschutzbestimmungen des \u201eUS-Privacy-Shield\u201c und ist beim \u201eUS-Privacy Shield\u201c-Programm des US-Handelsministeriums&nbsp;<a href=\"https:\/\/www.privacyshield.gov\/list\" target=\"_blank\" rel=\"noreferrer noopener\">registriert<\/a>. Zus\u00e4tzlich haben wir mit Google einen Auftragsverarbeitungsvertrag f\u00fcr die Verwendung von Google Analytics abgeschlossen.&nbsp;Durch diesen Vertrag versichert Google,&nbsp;dass sie die Daten im Einklang mit geltendem Datenschutzrecht verarbeiten und den Schutz der Rechte der betroffenen Person gew\u00e4hrleisten.<\/p>\n\n\n\n<p>Die Informationen werden verwendet, um die Nutzung der Website auszuwerten, um Reports \u00fcber die Websiteaktivit\u00e4ten zusammenzustellen und um weitere mit der Websitenutzung und der Internetnutzung verbundene Dienstleistungen zu Zwecken der Marktforschung und bedarfsgerechten Gestaltung dieser Internetseiten zu erbringen.&nbsp;<\/p>\n\n\n\n<p>Auch werden diese Informationen gegebenenfalls an Dritte \u00fcbertragen, sofern dies gesetzlich vorgeschrieben ist oder soweit Dritte diese Daten im Auftrag verarbeiten. Nach Aussage von Google wird in keinem Fall Ihre IP-Adresse mit anderen Daten von Google zusammengef\u00fchrt. Zudem werden die IP-Adressen vor ihrer Weitergabe anonymisiert, so dass eine Zuordnung nicht m\u00f6glich ist (IP-Masking).<\/p>\n\n\n\n<p>Rechtsgrundlage ist Artikel 6 Absatz 1 Buchstabe f) DSGVO. Eine angemessene Auswertung der Nutzung unserer Website ist als berechtigtes Interesse anzusehen. Gegenl\u00e4ufige Interessen der Webseitenutzer sind wegen des Einsatzes des IP-Maskings nicht ersichtlich.&nbsp;<\/p>\n\n\n\n<p>Sie k\u00f6nnen die Installation der Cookies durch eine entsprechende Einstellung der Browser-Software verhindern. Wir weisen jedoch darauf hin, dass in diesem Fall gegebenenfalls nicht s\u00e4mtliche Funktionen dieser Website vollumf\u00e4nglich genutzt werden k\u00f6nnen.<\/p>\n\n\n\n<p>Sie k\u00f6nnen dar\u00fcber hinaus die Erfassung der durch das Cookie erzeugten und auf Ihre Nutzung der Website bezogenen Daten (inkl. Ihrer IP-Adresse) sowie die Verarbeitung dieser Daten durch Google verhindern, indem Sie das&nbsp;<a href=\"https:\/\/tools.google.com\/dlpage\/gaoptout?hl=de\" target=\"_blank\" rel=\"noreferrer noopener\">hier abrufbare<\/a>&nbsp;Browser-Add-on herunterladen und installieren.<\/p>\n\n\n\n<p>Alternativ zum Browser-Add-on, insbesondere bei Browsern auf mobilen Endger\u00e4ten, k\u00f6nnen Sie die Erfassung durch Google Analytics zudem verhindern, indem Sie&nbsp;<a href=\"https:\/\/www.bevh.org\/datenschutz.html#\" target=\"_blank\" rel=\"noreferrer noopener\">auf diesen Link klicken<\/a>. Es wird ein Opt-out-Cookie gesetzt, das die zuk\u00fcnftige Erfassung Ihrer Daten beim Besuch dieser Website verhindert. Der Opt-out-Cookie gilt nur in diesem Browser und nur f\u00fcr unsere Website und wird auf Ihrem Ger\u00e4t abgelegt. Sofern Sie Cookies in ihrem aktuell genutzten Browser l\u00f6schen, m\u00fcssen Sie das Opt-Out-Cookie erneut setzen.&nbsp;<\/p>\n\n\n\n<p>Weitere Informationen zum Datenschutz im Zusammenhang mit Google Analytics&nbsp;<a href=\"https:\/\/support.google.com\/analytics\/answer\/6004245?hl=de\" target=\"_blank\" rel=\"noreferrer noopener\">finden Sie etwa hier<\/a>&nbsp;in der Google Analytics-Hilfe.<\/p>\n\n\n\n<p><strong>4. Ihre Rechte<\/strong><\/p>\n\n\n\n<p><strong>4.1. \u00dcberblick<\/strong><\/p>\n\n\n\n<p>Neben dem Recht auf Widerruf Ihrer uns gegen\u00fcber erteilten Einwilligungen stehen Ihnen bei Vorliegen der jeweiligen gesetzlichen Voraussetzungen die folgenden weiteren Rechte zu:&nbsp;<\/p>\n\n\n\n<ul class=\"wp-block-list\"><li>Recht auf Auskunft \u00fcber Ihre bei uns gespeicherten pers\u00f6nlichen Daten gem. Art. 15 DSGVO; insbesondere k\u00f6nnen Sie Auskunft \u00fcber die Verarbeitungszwecke, die Kategorie der personenbezogenen Daten, die Kategorien von Empf\u00e4ngern, gegen\u00fcber denen Ihre Daten offengelegt wurden oder werden, die geplante Speicherdauer, die Herkunft ihrer Daten, sofern diese nicht direkt bei Ihnen erhoben wurden,<\/li><li>Recht auf Berichtigung unrichtiger oder auf Vervollst\u00e4ndigung richtiger Daten gem. Art. 16 DSGVO,<\/li><li>Recht auf L\u00f6schung Ihrer bei uns gespeicherten Daten gem. Art. 17 DSGVO soweit keine gesetzlichen oder vertraglichen Aufbewahrungsfristen oder andere gesetzliche Pflichten bzw. Rechte zur weiteren Speicherung einzuhalten sind, <\/li><li>Recht auf Einschr\u00e4nkung der Verarbeitung Ihrer Daten gem. Art. 18 DSGVO, soweit die Richtigkeit der Daten von Ihnen bestritten wird, die Verarbeitung unrechtm\u00e4\u00dfig ist, Sie aber deren L\u00f6schung ablehnen; der Verantwortliche die Daten nicht mehr ben\u00f6tigt, Sie jedoch diese zur Geltendmachung, Aus\u00fcbung oder Verteidigung von Rechtsanspr\u00fcchen ben\u00f6tigen oder Sie gem\u00e4\u00df Art. 21 DSGVO Widerspruch gegen die Verarbeitung eingelegt haben,<\/li><li>Recht auf Daten\u00fcbertragbarkeit gem. Art. 20 DSGVO, d.h. das Recht, ausgew\u00e4hlte bei uns \u00fcber Sie gespeicherte Daten in einem g\u00e4ngigen, maschinenlesbaren Format \u00fcbertragen zu bekommen, oder die \u00dcbermittlung an einen anderen Verantwortlichen zu verlangen<\/li><li>Recht auf Beschwerde bei einer Aufsichtsbeh\u00f6rde. In der Regel k\u00f6nnen Sie sich hierf\u00fcr an die Aufsichtsbeh\u00f6rde ihres \u00fcblichen Aufenthaltsortes oder Arbeitsplatzes oder unseres Verbandssitzes (Berlin) wenden.<\/li><\/ul>\n\n\n\n<p><strong>4.2. Widerspruchsrecht<\/strong><\/p>\n\n\n\n<p><strong>Unter den Voraussetzungen des Art. 21 Abs. 1 DSGVO kann der Datenverarbeitung aus Gr\u00fcnden, die sich aus der besonderen Situation der betroffenen Person ergeben, widersprochen werden.<\/strong><\/p>\n\n\n\n<p>Das vorstehende&nbsp;<strong>allgemeine Widerspruchsrecht<\/strong>&nbsp;gilt f\u00fcr alle in dieser Datenschutz-Information beschriebenen Verarbeitungszwecke, die auf Grundlage von Artikel 6 Absatz 1 Buchstabe f) DSGVO verarbeitet werden. Wir sind nach der DSGVO zur Umsetzung eines solchen allgemeinen Widerspruchs nur verpflichtet, wenn Sie uns hierf\u00fcr Gr\u00fcnde von \u00fcbergeordneter Bedeutung nennen (z.B. eine m\u00f6gliche Gefahr f\u00fcr Leben oder Gesundheit).&nbsp;<\/p>\n","protected":false},"excerpt":{"rendered":"<p>Datenschutz-Information des Vereines zur F\u00f6rderung der St\u00e4dtepartnerschaftN\u00fcrnberg\u2013 Hadera e.V (Stand 25.09.2020) Seit 25. Mai 2018 gelten europaweit die Vorgaben der&nbsp;EU-Datenschutz-Grundverordnung&nbsp;(im Folgenden: DSGVO). Nachfolgend m\u00f6chten wir Sie \u00fcber die durch den Verein zur F\u00f6rderung der St\u00e4dtepartnerschaftN\u00fcrnberg\u2013 Hadera e.V. durchgef\u00fchrte Verarbeitung personenbezogener Daten nach Ma\u00dfgabe dieser neuen Verordnung (vergleiche Artikel 13 DSGVO) informieren. Bitte lesen Sie sich<\/p><\/div>\n<div class=\"blog-btn\"><a href=\"https:\/\/nueha.de\/?page_id=50\" class=\"home-blog-btn\">Weiterlesen<\/a><\/p>\n","protected":false},"author":1,"featured_media":0,"parent":0,"menu_order":0,"comment_status":"closed","ping_status":"closed","template":"","meta":{"footnotes":""},"class_list":["post-50","page","type-page","status-publish","hentry"],"_links":{"self":[{"href":"https:\/\/nueha.de\/index.php?rest_route=\/wp\/v2\/pages\/50","targetHints":{"allow":["GET"]}}],"collection":[{"href":"https:\/\/nueha.de\/index.php?rest_route=\/wp\/v2\/pages"}],"about":[{"href":"https:\/\/nueha.de\/index.php?rest_route=\/wp\/v2\/types\/page"}],"author":[{"embeddable":true,"href":"https:\/\/nueha.de\/index.php?rest_route=\/wp\/v2\/users\/1"}],"replies":[{"embeddable":true,"href":"https:\/\/nueha.de\/index.php?rest_route=%2Fwp%2Fv2%2Fcomments&post=50"}],"version-history":[{"count":10,"href":"https:\/\/nueha.de\/index.php?rest_route=\/wp\/v2\/pages\/50\/revisions"}],"predecessor-version":[{"id":209,"href":"https:\/\/nueha.de\/index.php?rest_route=\/wp\/v2\/pages\/50\/revisions\/209"}],"wp:attachment":[{"href":"https:\/\/nueha.de\/index.php?rest_route=%2Fwp%2Fv2%2Fmedia&parent=50"}],"curies":[{"name":"wp","href":"https:\/\/api.w.org\/{rel}","templated":true}]}}