{"id":17,"date":"2020-09-06T13:31:23","date_gmt":"2020-09-06T11:31:23","guid":{"rendered":"https:\/\/nueha.de\/nueha\/?page_id=17"},"modified":"2021-09-12T17:32:12","modified_gmt":"2021-09-12T15:32:12","slug":"unstertuetzen-sie-uns","status":"publish","type":"page","link":"https:\/\/nueha.de\/?page_id=17","title":{"rendered":"Unterst\u00fctzen Sie uns"},"content":{"rendered":"\n<p>Der Verein zur F\u00f6rderung der St\u00e4dtepartnerschaft N\u00fcrnberg-Hadera ist eingetragen beim Amtsgericht N\u00fcrnberg und darf Ihnen eine Spendenbescheinigungen ausstellen. <\/p>\n\n\n\n<p>Geben Sie Ihre Adersse im Verwendungszweck an oder melden Sie sich direkt bei uns, dann erhalten Sie eine solche Spendenbescheinigung.<\/p>\n\n\n\n<p><\/p>\n\n\n\n<p>Wir freuen uns \u00fcber jede Spende zur F\u00f6rderung der St\u00e4dtepartnerschaft!<\/p>\n\n\n\n<p>Unser Konto: IBAN DE 37 7605 0101 0014 2545 85 bei der Sparkasse N\u00fcrnberg<\/p>\n\n\n\n<p><\/p>\n\n\n\n<p>Wir freuen uns aber vor allem \u00fcber aktive Mitarbeit im Verein &#8211; jede Hand wird gebraucht!<\/p>\n","protected":false},"excerpt":{"rendered":"<p>Der Verein zur F\u00f6rderung der St\u00e4dtepartnerschaft N\u00fcrnberg-Hadera ist eingetragen beim Amtsgericht N\u00fcrnberg und darf Ihnen eine Spendenbescheinigungen ausstellen. Geben Sie Ihre Adersse im Verwendungszweck an oder melden Sie sich direkt bei uns, dann erhalten Sie eine solche Spendenbescheinigung. Wir freuen uns \u00fcber jede Spende zur F\u00f6rderung der St\u00e4dtepartnerschaft! Unser Konto: IBAN DE 37 7605 0101<\/p><\/div>\n<div class=\"blog-btn\"><a href=\"https:\/\/nueha.de\/?page_id=17\" class=\"home-blog-btn\">Weiterlesen<\/a><\/p>\n","protected":false},"author":1,"featured_media":0,"parent":0,"menu_order":0,"comment_status":"closed","ping_status":"closed","template":"","meta":{"footnotes":""},"class_list":["post-17","page","type-page","status-publish","hentry"],"_links":{"self":[{"href":"https:\/\/nueha.de\/index.php?rest_route=\/wp\/v2\/pages\/17","targetHints":{"allow":["GET"]}}],"collection":[{"href":"https:\/\/nueha.de\/index.php?rest_route=\/wp\/v2\/pages"}],"about":[{"href":"https:\/\/nueha.de\/index.php?rest_route=\/wp\/v2\/types\/page"}],"author":[{"embeddable":true,"href":"https:\/\/nueha.de\/index.php?rest_route=\/wp\/v2\/users\/1"}],"replies":[{"embeddable":true,"href":"https:\/\/nueha.de\/index.php?rest_route=%2Fwp%2Fv2%2Fcomments&post=17"}],"version-history":[{"count":5,"href":"https:\/\/nueha.de\/index.php?rest_route=\/wp\/v2\/pages\/17\/revisions"}],"predecessor-version":[{"id":246,"href":"https:\/\/nueha.de\/index.php?rest_route=\/wp\/v2\/pages\/17\/revisions\/246"}],"wp:attachment":[{"href":"https:\/\/nueha.de\/index.php?rest_route=%2Fwp%2Fv2%2Fmedia&parent=17"}],"curies":[{"name":"wp","href":"https:\/\/api.w.org\/{rel}","templated":true}]}}